{"id":928,"date":"2019-11-12T23:03:32","date_gmt":"2019-11-12T22:03:32","guid":{"rendered":"http:\/\/www.saint-amand-noyal-chatillon.fr\/?page_id=928"},"modified":"2025-10-10T21:59:24","modified_gmt":"2025-10-10T19:59:24","slug":"horaires-de-lecole","status":"publish","type":"page","link":"https:\/\/www.saint-amand-noyal-chatillon.fr\/index.php\/horaires-de-lecole\/","title":{"rendered":"Horaires de l&rsquo;\u00e9cole"},"content":{"rendered":"\n<div class=\"wp-block-columns is-layout-flex wp-container-core-columns-is-layout-9d6595d7 wp-block-columns-is-layout-flex\">\n<div class=\"wp-block-column is-layout-flow wp-block-column-is-layout-flow\" style=\"flex-basis:100%\"><\/div>\n<\/div>\n\n\n\n<p>Notre \u00e9cole est au fonctionnement \u00e0 4 jours par semaine.<img loading=\"lazy\" decoding=\"async\" class=\"alignright\" src=\"https:\/\/www.studiolpg.com\/wp-content\/uploads\/2018\/01\/horaires.png\" alt=\"NOUVEAUX HORAIRES\" width=\"200\" height=\"163\"><\/p>\n<h3><strong>Les horaires d&rsquo;enseignement de&nbsp; l&rsquo;\u00e9cole :<\/strong><\/h3>\n\n<table id=\"tablepress-1\" class=\"tablepress tablepress-id-1 tbody-has-connected-cells\">\n<thead>\n<tr class=\"row-1\">\n\t<th class=\"column-1\">Jour<\/th><th class=\"column-2\">Matin<\/th><td class=\"column-3\"><\/td><td class=\"column-4\"><\/td><th class=\"column-5\">Apr\u00e8s-midi<\/th><td class=\"column-6\"><\/td>\n<\/tr>\n<\/thead>\n<tbody class=\"row-striping row-hover\">\n<tr class=\"row-2\">\n\t<td class=\"column-1\">Lundi<\/td><td class=\"column-2\">8h45<\/td><td class=\"column-3\">12h00<\/td><td class=\"column-4\">D\u00e9jeuner<\/td><td class=\"column-5\">13h30<\/td><td class=\"column-6\">16h30<\/td>\n<\/tr>\n<tr class=\"row-3\">\n\t<td class=\"column-1\">Mardi<\/td><td class=\"column-2\">8h45<\/td><td class=\"column-3\">12h00<\/td><td class=\"column-4\">D\u00e9jeuner<\/td><td class=\"column-5\">13h30<\/td><td class=\"column-6\">16h30<\/td>\n<\/tr>\n<tr class=\"row-4\">\n\t<td class=\"column-1\">Mercredi<\/td><td colspan=\"5\" class=\"column-2\"><\/td>\n<\/tr>\n<tr class=\"row-5\">\n\t<td class=\"column-1\">Jeudi<\/td><td class=\"column-2\">8h45<\/td><td class=\"column-3\">12h00<\/td><td class=\"column-4\">D\u00e9jeuner<\/td><td class=\"column-5\">13h30<\/td><td class=\"column-6\">16h30<\/td>\n<\/tr>\n<tr class=\"row-6\">\n\t<td class=\"column-1\">Vendredi<\/td><td class=\"column-2\">8h45<\/td><td class=\"column-3\">12h00<\/td><td class=\"column-4\">D\u00e9jeuner<\/td><td class=\"column-5\">13h30<\/td><td class=\"column-6\">16h30<\/td>\n<\/tr>\n<\/tbody>\n<\/table>\n<!-- #tablepress-1 from cache -->\n<p><strong>Matin<\/strong> :<br>Le portail s\u2019ouvre \u00e0 8h35. Les portes des classes s\u2019ouvrent \u00e0 8h35 et la sonnerie indique aux \u00e9l\u00e8ves qu\u2019ils peuvent avoir acc\u00e8s aux \u00e9tages.<br><em>Les \u00e9l\u00e8ves de maternelle<\/em> sont accompagn\u00e9s par leurs parents vers le couloir des maternelles o\u00f9 ils quittent leurs chaussures pour de confortables chaussons! Merci de remplir le tableau pour la garderie du soir et de sortir les doudous pour les PS et MS et les bo\u00eetes \u00e0 go\u00fbter pour la garderie du soir du cartable de votre enfant.<br><em>Les \u00e9l\u00e8ves de primaire&nbsp;<\/em>montent directement en classe.<\/p>\n<p>A 8h50, les portails seront ferm\u00e9s. Pour tout retard ou autre RDV, vous pouvez acc\u00e9der par la porte du hall d\u2019entr\u00e9e. Vous sonnez \u00e0 l\u2019interphone, une fois que vous avez \u00e9t\u00e9 identifi\u00e9 la porte s\u2019ouvre.<\/p>\n<p><br><strong>Midi<\/strong> : sortie pour tous par le portail du bas.&nbsp;<\/p>\n<p><br><strong>Soir<\/strong> :<br>\uf0b7 Les \u00e9l\u00e8ves de maternelle sont r\u00e9cup\u00e9r\u00e9s \u00e0 la porte de leur classe.<br>\uf0b7 Les \u00e9l\u00e8ves de primaire qui ont une carte de sortie, sortent en 1er. Puis selon l\u2019arriv\u00e9e des familles, les \u00e9l\u00e8ves sont envoy\u00e9s vers leurs parents lorsque ceux-ci s\u2019avancent au portail.<\/p>\n<p>La structure de jeux n\u2019est pas autoris\u00e9e lors des sorties \u00e0 12h et 16h30.<\/p>\n<h3><strong>Les horaires de garderie :<\/strong><\/h3>\n\n<table id=\"tablepress-2\" class=\"tablepress tablepress-id-2 tbody-has-connected-cells\">\n<thead>\n<tr class=\"row-1\">\n\t<th class=\"column-1\">Jour<\/th><th colspan=\"2\" class=\"column-2\">Matin<\/th><td class=\"column-4\"><\/td><th colspan=\"2\" class=\"column-5\">Soir<\/th>\n<\/tr>\n<\/thead>\n<tbody class=\"row-striping row-hover\">\n<tr class=\"row-2\">\n\t<td class=\"column-1\">Lundi<\/td><td class=\"column-2\">7h30<\/td><td class=\"column-3\">8h30<\/td><td class=\"column-4\"><\/td><td class=\"column-5\">16h45<\/td><td class=\"column-6\">18h45<\/td>\n<\/tr>\n<tr class=\"row-3\">\n\t<td class=\"column-1\">Mardi<\/td><td class=\"column-2\">7h30<\/td><td class=\"column-3\">8h30<\/td><td class=\"column-4\"><\/td><td class=\"column-5\">16h45<\/td><td class=\"column-6\">18h45<\/td>\n<\/tr>\n<tr class=\"row-4\">\n\t<td class=\"column-1\">Mercredi<\/td><td colspan=\"5\" class=\"column-2\"><\/td>\n<\/tr>\n<tr class=\"row-5\">\n\t<td class=\"column-1\">Jeudi<\/td><td class=\"column-2\">7h30<\/td><td class=\"column-3\">8h30<\/td><td class=\"column-4\"><\/td><td class=\"column-5\">16h45<\/td><td class=\"column-6\">18h45<\/td>\n<\/tr>\n<tr class=\"row-6\">\n\t<td class=\"column-1\">Vendredi<\/td><td class=\"column-2\">7h30<\/td><td class=\"column-3\">8h30<\/td><td class=\"column-4\"><\/td><td class=\"column-5\">16h45<\/td><td class=\"column-6\">18h45<\/td>\n<\/tr>\n<\/tbody>\n<\/table>\n<!-- #tablepress-2 from cache -->\n<h3><strong>Rappel des tarifs de garderie de&nbsp; l&rsquo;\u00e9cole:<\/strong><\/h3>\n\n<table id=\"tablepress-9\" class=\"tablepress tablepress-id-9\">\n<thead>\n<tr class=\"row-1\">\n\t<th class=\"column-1\">Tranche horaire<\/th><th class=\"column-2\">Tarif<\/th>\n<\/tr>\n<\/thead>\n<tbody class=\"row-striping row-hover\">\n<tr class=\"row-2\">\n\t<td class=\"column-1\">Garderie - Matin<br \/>\nDe 7 h 30 \u00e0 8 h 30<\/td><td class=\"column-2\">2.20\u20ac<\/td>\n<\/tr>\n<tr class=\"row-3\">\n\t<td class=\"column-1\">\u00c9tude le soir (Primaire)<br \/>\nDe 16 h 45 \u00e0 17 h 30<\/td><td class=\"column-2\">2.20\u20ac<\/td>\n<\/tr>\n<tr class=\"row-4\">\n\t<td class=\"column-1\">Garderie du soir (Maternelle)<br \/>\nDe 16h 45 \u00e0 17 h 45<\/td><td class=\"column-2\">2.20\u20ac<\/td>\n<\/tr>\n<tr class=\"row-5\">\n\t<td class=\"column-1\">Garderie du soir (Primaire et maternelle)<br \/>\nDe 17h 45 \u00e0 18 h 45<\/td><td class=\"column-2\">2.20\u20ac<\/td>\n<\/tr>\n<tr class=\"row-6\">\n\t<td class=\"column-1\">A partir du 2\u00e8me d\u00e9passement d\u2019horaire<br \/>\n(D\u00e9part de la garderie apr\u00e8s 18 h 45)<br \/>\n<\/td><td class=\"column-2\">15.00\u20ac<\/td>\n<\/tr>\n<\/tbody>\n<\/table>\n<!-- #tablepress-9 from cache -->\n","protected":false},"excerpt":{"rendered":"<p>Notre \u00e9cole est au fonctionnement \u00e0 4 jours par semaine. Les horaires d&rsquo;enseignement de&nbsp; l&rsquo;\u00e9cole : Matin :Le portail s\u2019ouvre \u00e0 8h35. Les portes des classes s\u2019ouvrent \u00e0 8h35 et la sonnerie indique aux \u00e9l\u00e8ves qu\u2019ils peuvent avoir acc\u00e8s aux &hellip; <a href=\"https:\/\/www.saint-amand-noyal-chatillon.fr\/index.php\/horaires-de-lecole\/\">Continuer la lecture <span class=\"meta-nav\">&rarr;<\/span><\/a><\/p>\n","protected":false},"author":1,"featured_media":0,"parent":0,"menu_order":0,"comment_status":"closed","ping_status":"closed","template":"","meta":{"ngg_post_thumbnail":0,"footnotes":""},"class_list":["post-928","page","type-page","status-publish","hentry"],"_links":{"self":[{"href":"https:\/\/www.saint-amand-noyal-chatillon.fr\/index.php\/wp-json\/wp\/v2\/pages\/928","targetHints":{"allow":["GET"]}}],"collection":[{"href":"https:\/\/www.saint-amand-noyal-chatillon.fr\/index.php\/wp-json\/wp\/v2\/pages"}],"about":[{"href":"https:\/\/www.saint-amand-noyal-chatillon.fr\/index.php\/wp-json\/wp\/v2\/types\/page"}],"author":[{"embeddable":true,"href":"https:\/\/www.saint-amand-noyal-chatillon.fr\/index.php\/wp-json\/wp\/v2\/users\/1"}],"replies":[{"embeddable":true,"href":"https:\/\/www.saint-amand-noyal-chatillon.fr\/index.php\/wp-json\/wp\/v2\/comments?post=928"}],"version-history":[{"count":7,"href":"https:\/\/www.saint-amand-noyal-chatillon.fr\/index.php\/wp-json\/wp\/v2\/pages\/928\/revisions"}],"predecessor-version":[{"id":2373,"href":"https:\/\/www.saint-amand-noyal-chatillon.fr\/index.php\/wp-json\/wp\/v2\/pages\/928\/revisions\/2373"}],"wp:attachment":[{"href":"https:\/\/www.saint-amand-noyal-chatillon.fr\/index.php\/wp-json\/wp\/v2\/media?parent=928"}],"curies":[{"name":"wp","href":"https:\/\/api.w.org\/{rel}","templated":true}]}}