{"id":71,"date":"2016-10-30T11:22:20","date_gmt":"2016-10-30T10:22:20","guid":{"rendered":"http:\/\/www.saint-amand-noyal-chatillon.fr\/?page_id=71"},"modified":"2025-10-10T21:48:54","modified_gmt":"2025-10-10T19:48:54","slug":"page-daccueil","status":"publish","type":"page","link":"https:\/\/www.saint-amand-noyal-chatillon.fr\/","title":{"rendered":""},"content":{"rendered":"<h1 style=\"text-align: center;\"><span style=\"color: #eb238a;\"><strong>Bienvenue sur le site de l&rsquo;\u00e9cole Saint-Amand <\/strong><\/span><span style=\"color: #eb238a;\"><strong>\u00e0 Noyal-Ch\u00e2tillon-sur-Seiche<\/strong><\/span><\/h1>\n<p style=\"text-align: center;\">Vous retrouverez sur notre site toutes les informations sur la vie de l&rsquo;\u00e9cole (inscription, tarifications, horaires, \u00e9v\u00e9nements,&#8230;)<\/p>\n<p><img loading=\"lazy\" decoding=\"async\" class=\"aligncenter wp-image-2368 size-large\" src=\"https:\/\/www.saint-amand-noyal-chatillon.fr\/wp-content\/uploads\/Portes-ouvertes-ecole-724x1024.png\" alt=\"\" width=\"640\" height=\"905\" srcset=\"https:\/\/www.saint-amand-noyal-chatillon.fr\/wp-content\/uploads\/Portes-ouvertes-ecole-724x1024.png 724w, https:\/\/www.saint-amand-noyal-chatillon.fr\/wp-content\/uploads\/Portes-ouvertes-ecole-212x300.png 212w, https:\/\/www.saint-amand-noyal-chatillon.fr\/wp-content\/uploads\/Portes-ouvertes-ecole-768x1086.png 768w, https:\/\/www.saint-amand-noyal-chatillon.fr\/wp-content\/uploads\/Portes-ouvertes-ecole-1086x1536.png 1086w, https:\/\/www.saint-amand-noyal-chatillon.fr\/wp-content\/uploads\/Portes-ouvertes-ecole-1448x2048.png 1448w, https:\/\/www.saint-amand-noyal-chatillon.fr\/wp-content\/uploads\/Portes-ouvertes-ecole.png 1587w\" sizes=\"auto, (max-width: 640px) 100vw, 640px\" \/><\/p>\n<h1 style=\"text-align: center;\"><strong>Notre \u00e9cole en vid\u00e9o:<\/strong><\/h1>\n<div style=\"width: 640px;\" class=\"wp-video\"><video class=\"wp-video-shortcode\" id=\"video-71-1\" width=\"640\" height=\"360\" preload=\"metadata\" controls=\"controls\"><source type=\"video\/mp4\" src=\"https:\/\/www.saint-amand-noyal-chatillon.fr\/wp-content\/uploads\/EcoleStAmandPortesOuvertes2021website.mp4?_=1\" \/><a href=\"https:\/\/www.saint-amand-noyal-chatillon.fr\/wp-content\/uploads\/EcoleStAmandPortesOuvertes2021website.mp4\">https:\/\/www.saint-amand-noyal-chatillon.fr\/wp-content\/uploads\/EcoleStAmandPortesOuvertes2021website.mp4<\/a><\/video><\/div>\n<p>&nbsp;<\/p>\n<h2 style=\"text-align: center;\"><strong>&nbsp;<\/strong><\/h2>\n<p><img loading=\"lazy\" decoding=\"async\" class=\"aligncenter\" src=\"https:\/\/ecolestjbaptisterx.fr\/wp-content\/uploads\/2016\/12\/inscriptions.png\" alt=\"Modalit\u00e9s d'inscription - Ecole Saint Jean-Baptiste\" width=\"339\" height=\"228\"><\/p>\n<h2 style=\"text-align: center;\"><strong>Pour toute demande d&rsquo;inscription: <\/strong><\/h2>\n<h2 style=\"text-align: center;\"><strong><a href=\"https:\/\/www.noefil.fr\/inscription?portail=QjE1OQ\">https:\/\/www.saint-amand-noyal-chatillon.fr\/index.php\/tarifs-ecole\/<\/a><\/strong><\/h2>\n<h2 style=\"font-weight: 400; text-align: center;\">N\u2019h\u00e9sitez pas \u00e0 contacter Mme DAVENEL, la cheffe d\u2019\u00e9tablissement, &nbsp;au 02 99 52 36 96 ou par courriel : <a href=\"mailto:eco35.st-amand.noyal-chatillon@enseignement-catholique.bzh\">eco35.st-amand.noyal-chatillon@enseignement-catholique.bzh<\/a><\/h2>\n<p>&nbsp;<\/p>\n<h2 style=\"text-align: center;\">&nbsp;<\/h2>\n<h2 style=\"text-align: center;\"><strong>A bient\u00f4t dans notre \u00e9tablissement,<\/strong><\/h2>\n<hr>\n<p style=\"text-align: center;\">&nbsp;<\/p>\n\n\n\n\n<figure class=\"wp-block-gallery aligncenter has-nested-images columns-default is-cropped wp-block-gallery-1 is-layout-flex wp-block-gallery-is-layout-flex\"><\/figure>\n\n\n\n\n\n<hr class=\"wp-block-separator has-css-opacity\"\/>\n\n\n\n<p><\/p>\n","protected":false},"excerpt":{"rendered":"<p>Bienvenue sur le site de l&rsquo;\u00e9cole Saint-Amand \u00e0 Noyal-Ch\u00e2tillon-sur-Seiche Vous retrouverez sur notre site toutes les informations sur la vie de l&rsquo;\u00e9cole (inscription, tarifications, horaires, \u00e9v\u00e9nements,&#8230;) Notre \u00e9cole en vid\u00e9o: &nbsp; &nbsp; Pour toute demande d&rsquo;inscription: https:\/\/www.saint-amand-noyal-chatillon.fr\/index.php\/tarifs-ecole\/ N\u2019h\u00e9sitez pas \u00e0 &hellip; <a href=\"https:\/\/www.saint-amand-noyal-chatillon.fr\/\">Continuer la lecture <span class=\"meta-nav\">&rarr;<\/span><\/a><\/p>\n","protected":false},"author":1,"featured_media":0,"parent":0,"menu_order":0,"comment_status":"closed","ping_status":"closed","template":"","meta":{"ngg_post_thumbnail":0,"footnotes":""},"class_list":["post-71","page","type-page","status-publish","hentry"],"_links":{"self":[{"href":"https:\/\/www.saint-amand-noyal-chatillon.fr\/index.php\/wp-json\/wp\/v2\/pages\/71","targetHints":{"allow":["GET"]}}],"collection":[{"href":"https:\/\/www.saint-amand-noyal-chatillon.fr\/index.php\/wp-json\/wp\/v2\/pages"}],"about":[{"href":"https:\/\/www.saint-amand-noyal-chatillon.fr\/index.php\/wp-json\/wp\/v2\/types\/page"}],"author":[{"embeddable":true,"href":"https:\/\/www.saint-amand-noyal-chatillon.fr\/index.php\/wp-json\/wp\/v2\/users\/1"}],"replies":[{"embeddable":true,"href":"https:\/\/www.saint-amand-noyal-chatillon.fr\/index.php\/wp-json\/wp\/v2\/comments?post=71"}],"version-history":[{"count":157,"href":"https:\/\/www.saint-amand-noyal-chatillon.fr\/index.php\/wp-json\/wp\/v2\/pages\/71\/revisions"}],"predecessor-version":[{"id":2369,"href":"https:\/\/www.saint-amand-noyal-chatillon.fr\/index.php\/wp-json\/wp\/v2\/pages\/71\/revisions\/2369"}],"wp:attachment":[{"href":"https:\/\/www.saint-amand-noyal-chatillon.fr\/index.php\/wp-json\/wp\/v2\/media?parent=71"}],"curies":[{"name":"wp","href":"https:\/\/api.w.org\/{rel}","templated":true}]}}