{"id":397,"date":"2017-04-11T23:21:43","date_gmt":"2017-04-11T21:21:43","guid":{"rendered":"http:\/\/www.saint-amand-noyal-chatillon.fr\/?page_id=397"},"modified":"2021-01-31T18:05:47","modified_gmt":"2021-01-31T17:05:47","slug":"logo-3-2","status":"publish","type":"page","link":"https:\/\/www.saint-amand-noyal-chatillon.fr\/index.php\/logo-3-2\/","title":{"rendered":"Logo de l&rsquo;Ecole"},"content":{"rendered":"<p>&nbsp;<\/p>\n<p>L&rsquo;inauguration de l&rsquo;\u00e9cole le samedi 25 Mars 2017 \u00e0&nbsp;\u00e9t\u00e9 l&rsquo;occasion de d\u00e9voiler notre nouveau logo!<\/p>\n<p><a href=\"https:\/\/www.saint-amand-noyal-chatillon.fr\/wp-content\/uploads\/2017\/04\/Logo-seul.pdf\"><img loading=\"lazy\" decoding=\"async\" class=\"size-medium wp-image-395 aligncenter\" src=\"https:\/\/www.saint-amand-noyal-chatillon.fr\/wp-content\/uploads\/2017\/04\/logo-300x220.jpg\" alt=\"\" width=\"300\" height=\"220\" srcset=\"https:\/\/www.saint-amand-noyal-chatillon.fr\/wp-content\/uploads\/2017\/04\/logo-300x220.jpg 300w, https:\/\/www.saint-amand-noyal-chatillon.fr\/wp-content\/uploads\/2017\/04\/logo-768x564.jpg 768w, https:\/\/www.saint-amand-noyal-chatillon.fr\/wp-content\/uploads\/2017\/04\/logo-1024x753.jpg 1024w, https:\/\/www.saint-amand-noyal-chatillon.fr\/wp-content\/uploads\/2017\/04\/logo.jpg 1283w\" sizes=\"auto, (max-width: 300px) 100vw, 300px\" \/><\/a><\/p>\n<p style=\"text-align: center;\"><a href=\"https:\/\/www.saint-amand-noyal-chatillon.fr\/wp-content\/uploads\/2017\/04\/Logo-seul.pdf\">Logo au format PDF<\/a><\/p>\n<p>Voici quelques \u00e9l\u00e9ments d&rsquo;informations sur ce nouveau logo:<\/p>\n<p>Avec&nbsp; ce nouvel \u00e9tablissement une fa\u00e7ade sur le parking de la commune est apparue plus&nbsp; visible. Nous souhaitions apporter une autre dynamique par un logo plus graphique. Vous y trouverez 8 couleurs, qui repr\u00e9sentent les couleurs &nbsp;des murs des 8 nouvelles classes. <strong>La couleur<\/strong> qui donne de <strong>la vitalit\u00e9<\/strong> par ses tonalit\u00e9s diff\u00e9rentes.<\/p>\n<p>La couleur \u00e0 travers les diff\u00e9rentes r\u00e9alisations plastiques qui permet \u00e0 chacun de s\u2019exprimer. La couleur qui impulse <strong>une dynamique<\/strong> qui se vit \u00e0 travers la pr\u00e9sence vitamin\u00e9e des \u00e9l\u00e8ves de PS au CM2.<\/p>\n<p>Vous y trouverez <strong>la forme ronde<\/strong>. Diff\u00e9rents ronds de petite et grande taille comme tous les acteurs de cette communaut\u00e9 \u00e9ducative de Saint AMAND. Des ronds qui sont diss\u00e9min\u00e9s de part et d\u2019autre du nom de l\u2019\u00e9cole. Car on&nbsp; arrive \u00e0 Saint AMAND et on repart plus fort vers l\u2019avenir qui s\u2019ouvre pour chacun avec plein de souvenirs en t\u00eate.<\/p>\n<p>Cette forme \u00e9voque le rond qui permet en maternelle de tracer <strong>des lettres<\/strong>,&nbsp; qui est aussi <strong>le cercle<\/strong> en g\u00e9om\u00e9trie. Il repr\u00e9sente aussi <strong>la ronde<\/strong> que nous r\u00e9alisons pour nous donner la main, la main garante de la relation entre enfants qui s\u2019\u00e9vadent dans une cour de r\u00e9cr\u00e9ation. Une ronde qui exprime <strong>un mouvement<\/strong>, une ronde qui peut signifier le d\u00e9but <strong>d\u2019une cha\u00eene de solidarit\u00e9<\/strong> lorsqu\u2019on s\u2019ouvre \u00e0 l\u2019autre. La forme du ballon, <strong>le ballon<\/strong> de foot, de basket, qui donnent aux \u00e9l\u00e8ves la joie de se mesurer les uns aux autres, de jouer, de se d\u00e9passer, de se confronter lors de jeux \u00e0 r\u00e8gles.<\/p>\n<p>Les diff\u00e9rents traits et pointill\u00e9s repr\u00e9sentent <strong>le chemin<\/strong> &nbsp;singulier parcouru par chacun car tout parcours n\u2019est pas identique mais propre \u00e0 celui qui d\u00e9cide d\u2019avancer. Vivre sa vie d\u2019\u00e9colier c\u2019est <strong>poser un pas apr\u00e8s l\u2019autre<\/strong> pour chemin faisant devenir un homme et une femme vivant et en \u00e9quilibre capable de faire des choix. &nbsp;Des pointill\u00e9s, car un jour ou l\u2019autre on prend son envol! On peut imaginer des ballons de baudruches, tels vous parents laissant votre enfant prendre <strong>son autonomie<\/strong>&nbsp; ou un enseignant quittant son \u00e9l\u00e8ve \u00e0 la fin d\u2019une ann\u00e9e scolaire pour aller \u00e0 la d\u00e9couverte d\u2019autres connaissances qui enrichiront son parcours d\u2019\u00e9l\u00e8ve.<\/p>\n<p>Et cette forme ronde \u00e9voque aussi celle du corps du christ, de <strong>l\u2019hostie,<\/strong> qui nous est propos\u00e9 chaque dimanche. Ce corps du christ qui nous donne la Vie en abondance pour ouvrir notre c\u0153ur \u00e0 l\u2019appel de l\u2019Amour envers ceux et celles que&nbsp; nous c\u00f4toyons.<\/p>\n<p>Un grand remerciement \u00e0 notre infographiste, Marine LOYER, pour sa collaboration toujours cr\u00e9ative. Alors que ce nouveau logo &nbsp;permette \u00e0 l\u2019\u00e9cole Saint AMAND de poursuivre son engagement \u00e9ducatif au service des \u00e9l\u00e8ves et de leur famille et qu\u2019il soit le signe d\u2019\u00e9crire une nouvelle page au c\u0153ur de la commune de Noyal-Chatillon.<\/p>\n\n","protected":false},"excerpt":{"rendered":"<p>&nbsp; L&rsquo;inauguration de l&rsquo;\u00e9cole le samedi 25 Mars 2017 \u00e0&nbsp;\u00e9t\u00e9 l&rsquo;occasion de d\u00e9voiler notre nouveau logo! Logo au format PDF Voici quelques \u00e9l\u00e9ments d&rsquo;informations sur ce nouveau logo: Avec&nbsp; ce nouvel \u00e9tablissement une fa\u00e7ade sur le parking de la commune &hellip; <a href=\"https:\/\/www.saint-amand-noyal-chatillon.fr\/index.php\/logo-3-2\/\">Continuer la lecture <span class=\"meta-nav\">&rarr;<\/span><\/a><\/p>\n","protected":false},"author":1,"featured_media":0,"parent":0,"menu_order":0,"comment_status":"closed","ping_status":"closed","template":"","meta":{"ngg_post_thumbnail":0,"footnotes":""},"class_list":["post-397","page","type-page","status-publish","hentry"],"_links":{"self":[{"href":"https:\/\/www.saint-amand-noyal-chatillon.fr\/index.php\/wp-json\/wp\/v2\/pages\/397","targetHints":{"allow":["GET"]}}],"collection":[{"href":"https:\/\/www.saint-amand-noyal-chatillon.fr\/index.php\/wp-json\/wp\/v2\/pages"}],"about":[{"href":"https:\/\/www.saint-amand-noyal-chatillon.fr\/index.php\/wp-json\/wp\/v2\/types\/page"}],"author":[{"embeddable":true,"href":"https:\/\/www.saint-amand-noyal-chatillon.fr\/index.php\/wp-json\/wp\/v2\/users\/1"}],"replies":[{"embeddable":true,"href":"https:\/\/www.saint-amand-noyal-chatillon.fr\/index.php\/wp-json\/wp\/v2\/comments?post=397"}],"version-history":[{"count":5,"href":"https:\/\/www.saint-amand-noyal-chatillon.fr\/index.php\/wp-json\/wp\/v2\/pages\/397\/revisions"}],"predecessor-version":[{"id":1399,"href":"https:\/\/www.saint-amand-noyal-chatillon.fr\/index.php\/wp-json\/wp\/v2\/pages\/397\/revisions\/1399"}],"wp:attachment":[{"href":"https:\/\/www.saint-amand-noyal-chatillon.fr\/index.php\/wp-json\/wp\/v2\/media?parent=397"}],"curies":[{"name":"wp","href":"https:\/\/api.w.org\/{rel}","templated":true}]}}