{"id":271,"date":"2016-12-12T22:52:53","date_gmt":"2016-12-12T21:52:53","guid":{"rendered":"http:\/\/www.saint-amand-noyal-chatillon.fr\/?page_id=271"},"modified":"2021-10-27T20:55:02","modified_gmt":"2021-10-27T18:55:02","slug":"reglement-interieur","status":"publish","type":"page","link":"https:\/\/www.saint-amand-noyal-chatillon.fr\/index.php\/reglement-interieur\/","title":{"rendered":"R\u00e8glement int\u00e9rieur"},"content":{"rendered":"<p><img decoding=\"async\" class=\"aligncenter\" src=\"http:\/\/sitetab3.ac-reims.fr\/ec-chateau-porcien\/-wp-\/wp-content\/uploads\/2014\/06\/r%C3%A8glement.bmp\" alt=\"R\u00e8glement int\u00e9rieur \u00ab Ecole primaire publique Jean Dion CHATEAU PORCIEN\"><\/p>\n<p style=\"text-align: center;\">Merci de bien vouloir cliquer sur le lien ci-dessous pour acc\u00e9der au r\u00e8glement int\u00e9rieur de l&rsquo;Ecole St Amand:&nbsp;<a href=\"https:\/\/www.saint-amand-noyal-chatillon.fr\/wp-content\/uploads\/Reglement_interieur_2020_2021_St_Amand.pdf\">R\u00e8glement_int\u00e9rieur_2020_2021_St_Amand<\/a><\/p>\n<p style=\"text-align: center;\">Charte informatique : <a href=\"https:\/\/www.saint-amand-noyal-chatillon.fr\/wp-content\/uploads\/Charte-informatique-Educartable-et-toute-mon-annee.com-Ecole-St-AMAND-09-2021.pdf\">Charte informatique Educartable et toute mon ann\u00e9e.com Ecole St AMAND 09 2021<\/a><\/p>\n\n","protected":false},"excerpt":{"rendered":"<p>Merci de bien vouloir cliquer sur le lien ci-dessous pour acc\u00e9der au r\u00e8glement int\u00e9rieur de l&rsquo;Ecole St Amand:&nbsp;R\u00e8glement_int\u00e9rieur_2020_2021_St_Amand Charte informatique : Charte informatique Educartable et toute mon ann\u00e9e.com Ecole St AMAND 09 2021<\/p>\n","protected":false},"author":1,"featured_media":0,"parent":0,"menu_order":0,"comment_status":"closed","ping_status":"closed","template":"","meta":{"ngg_post_thumbnail":0,"footnotes":""},"class_list":["post-271","page","type-page","status-publish","hentry"],"_links":{"self":[{"href":"https:\/\/www.saint-amand-noyal-chatillon.fr\/index.php\/wp-json\/wp\/v2\/pages\/271","targetHints":{"allow":["GET"]}}],"collection":[{"href":"https:\/\/www.saint-amand-noyal-chatillon.fr\/index.php\/wp-json\/wp\/v2\/pages"}],"about":[{"href":"https:\/\/www.saint-amand-noyal-chatillon.fr\/index.php\/wp-json\/wp\/v2\/types\/page"}],"author":[{"embeddable":true,"href":"https:\/\/www.saint-amand-noyal-chatillon.fr\/index.php\/wp-json\/wp\/v2\/users\/1"}],"replies":[{"embeddable":true,"href":"https:\/\/www.saint-amand-noyal-chatillon.fr\/index.php\/wp-json\/wp\/v2\/comments?post=271"}],"version-history":[{"count":11,"href":"https:\/\/www.saint-amand-noyal-chatillon.fr\/index.php\/wp-json\/wp\/v2\/pages\/271\/revisions"}],"predecessor-version":[{"id":1651,"href":"https:\/\/www.saint-amand-noyal-chatillon.fr\/index.php\/wp-json\/wp\/v2\/pages\/271\/revisions\/1651"}],"wp:attachment":[{"href":"https:\/\/www.saint-amand-noyal-chatillon.fr\/index.php\/wp-json\/wp\/v2\/media?parent=271"}],"curies":[{"name":"wp","href":"https:\/\/api.w.org\/{rel}","templated":true}]}}