{"id":229,"date":"2016-12-09T23:03:05","date_gmt":"2016-12-09T22:03:05","guid":{"rendered":"http:\/\/www.saint-amand-noyal-chatillon.fr\/?page_id=229"},"modified":"2022-01-19T22:28:50","modified_gmt":"2022-01-19T21:28:50","slug":"restauration","status":"publish","type":"page","link":"https:\/\/www.saint-amand-noyal-chatillon.fr\/index.php\/restauration\/","title":{"rendered":"Restauration"},"content":{"rendered":"<p style=\"text-align: center;\"><strong><img loading=\"lazy\" decoding=\"async\" class=\"\" src=\"https:\/\/www.melesse.fr\/wp-content\/uploads\/2019\/07\/Restauration-scolaire-1200x630-RVB.jpg\" alt=\"Restauration scolaire - Melesse\" width=\"360\" height=\"189\"><br \/>\n<\/strong><\/p>\n<p>Les enfants vont d\u00e9jeuner dans les locaux municipaux situ\u00e9s \u00e0 100 m\u00e8tres de l\u2019\u00e9cole, pr\u00e8s de la salle polyvalente.<\/p>\n<p style=\"font-weight: 400;\">Ils s\u2019y rendent \u00e0 pied avec les animateurs du p\u00e9riscolaire de la commune et pour les \u00e9l\u00e8ves de maternelle accompagn\u00e9s par les ASEM de Saint AMAND<\/p>\n<p>L\u2019inscription \u00e0 la cantine se fait aupr\u00e8s de la mairie de Noyal Ch\u00e2tillon sur Seiche. Plus d&rsquo;informations sur le site de la mairie (<a href=\"http:\/\/www.ville-noyal-chatillon.fr\/module-Contenus-viewpub-tid-2-pid-30.html\">Lien vers le service de restauration<\/a>).<\/p>\n<p>Chaque matin, en arrivant \u00e0 l&rsquo;\u00e9cole, vous devez inscrire votre enfant sur la feuille pr\u00e9vue \u00e0 cet effet pour que son repas de la journ\u00e9e soit valid\u00e9.<\/p>\n<p>Les menus sont affich\u00e9s dans le hall principal et dans celui de la maternelle.<\/p>\n<p>Les enfants vont manger \u00e0 la cantine entre 12h00 et 13h20. Ainsi, sauf cas exceptionnel, les enfants qui vont d\u00e9jeuner \u00e0 l&rsquo;ext\u00e9rieur de l&rsquo;\u00e9cole doivent partir \u00e0 12h00 et ne pas revenir \u00e0 l\u2019\u00e9cole avant 13h20.<\/p>\n<p style=\"text-align: center;\"><strong>Lien vers le portail familles:<\/strong><\/p>\n<p style=\"text-align: center;\"><a href=\"https:\/\/noyal-chatillon.portail-familles.app\/login\"><strong>https:\/\/noyal-chatillon.portail-familles.app\/login<\/strong><\/a><\/p>\n<p>&nbsp;<\/p>\n<p>&nbsp;<\/p>\n","protected":false},"excerpt":{"rendered":"<p>Les enfants vont d\u00e9jeuner dans les locaux municipaux situ\u00e9s \u00e0 100 m\u00e8tres de l\u2019\u00e9cole, pr\u00e8s de la salle polyvalente. Ils s\u2019y rendent \u00e0 pied avec les animateurs du p\u00e9riscolaire de la commune et pour les \u00e9l\u00e8ves de maternelle accompagn\u00e9s par &hellip; <a href=\"https:\/\/www.saint-amand-noyal-chatillon.fr\/index.php\/restauration\/\">Continuer la lecture <span class=\"meta-nav\">&rarr;<\/span><\/a><\/p>\n","protected":false},"author":1,"featured_media":0,"parent":0,"menu_order":0,"comment_status":"closed","ping_status":"closed","template":"","meta":{"ngg_post_thumbnail":0,"footnotes":""},"class_list":["post-229","page","type-page","status-publish","hentry"],"_links":{"self":[{"href":"https:\/\/www.saint-amand-noyal-chatillon.fr\/index.php\/wp-json\/wp\/v2\/pages\/229","targetHints":{"allow":["GET"]}}],"collection":[{"href":"https:\/\/www.saint-amand-noyal-chatillon.fr\/index.php\/wp-json\/wp\/v2\/pages"}],"about":[{"href":"https:\/\/www.saint-amand-noyal-chatillon.fr\/index.php\/wp-json\/wp\/v2\/types\/page"}],"author":[{"embeddable":true,"href":"https:\/\/www.saint-amand-noyal-chatillon.fr\/index.php\/wp-json\/wp\/v2\/users\/1"}],"replies":[{"embeddable":true,"href":"https:\/\/www.saint-amand-noyal-chatillon.fr\/index.php\/wp-json\/wp\/v2\/comments?post=229"}],"version-history":[{"count":8,"href":"https:\/\/www.saint-amand-noyal-chatillon.fr\/index.php\/wp-json\/wp\/v2\/pages\/229\/revisions"}],"predecessor-version":[{"id":1738,"href":"https:\/\/www.saint-amand-noyal-chatillon.fr\/index.php\/wp-json\/wp\/v2\/pages\/229\/revisions\/1738"}],"wp:attachment":[{"href":"https:\/\/www.saint-amand-noyal-chatillon.fr\/index.php\/wp-json\/wp\/v2\/media?parent=229"}],"curies":[{"name":"wp","href":"https:\/\/api.w.org\/{rel}","templated":true}]}}