{"id":222,"date":"2016-12-09T22:39:18","date_gmt":"2016-12-09T21:39:18","guid":{"rendered":"http:\/\/www.saint-amand-noyal-chatillon.fr\/?page_id=222"},"modified":"2019-03-16T09:22:21","modified_gmt":"2019-03-16T08:22:21","slug":"infos-pratiques","status":"publish","type":"page","link":"https:\/\/www.saint-amand-noyal-chatillon.fr\/index.php\/infos-pratiques\/","title":{"rendered":"Infos pratiques"},"content":{"rendered":"<p>Cette rubrique a pour but de fournir les informations pratiques sur l&rsquo;\u00e9cole, sur la vie de l&rsquo;\u00e9cole et sur les services compl\u00e9mentaires \u00e0 la vie de vos enfants:<\/p>\n<ul>\n<li>Horaires de l&rsquo;\u00e9cole (garderie, \u00e9tude, APC, &#8230;)<\/li>\n<li>L\u2019accueil<\/li>\n<li>Les activit\u00e9s p\u00e9riscolaires<\/li>\n<li>Restauration scolaire<\/li>\n<li>L\u2019accueil du centre de loisirs, pour les mercredis et p\u00e9riodes de vacances.<\/li>\n<\/ul>\n","protected":false},"excerpt":{"rendered":"<p>Cette rubrique a pour but de fournir les informations pratiques sur l&rsquo;\u00e9cole, sur la vie de l&rsquo;\u00e9cole et sur les services compl\u00e9mentaires \u00e0 la vie de vos enfants: Horaires de l&rsquo;\u00e9cole (garderie, \u00e9tude, APC, &#8230;) L\u2019accueil Les activit\u00e9s p\u00e9riscolaires Restauration &hellip; <a href=\"https:\/\/www.saint-amand-noyal-chatillon.fr\/index.php\/infos-pratiques\/\">Continuer la lecture <span class=\"meta-nav\">&rarr;<\/span><\/a><\/p>\n","protected":false},"author":1,"featured_media":0,"parent":0,"menu_order":0,"comment_status":"closed","ping_status":"closed","template":"","meta":{"ngg_post_thumbnail":0,"footnotes":""},"class_list":["post-222","page","type-page","status-publish","hentry"],"_links":{"self":[{"href":"https:\/\/www.saint-amand-noyal-chatillon.fr\/index.php\/wp-json\/wp\/v2\/pages\/222","targetHints":{"allow":["GET"]}}],"collection":[{"href":"https:\/\/www.saint-amand-noyal-chatillon.fr\/index.php\/wp-json\/wp\/v2\/pages"}],"about":[{"href":"https:\/\/www.saint-amand-noyal-chatillon.fr\/index.php\/wp-json\/wp\/v2\/types\/page"}],"author":[{"embeddable":true,"href":"https:\/\/www.saint-amand-noyal-chatillon.fr\/index.php\/wp-json\/wp\/v2\/users\/1"}],"replies":[{"embeddable":true,"href":"https:\/\/www.saint-amand-noyal-chatillon.fr\/index.php\/wp-json\/wp\/v2\/comments?post=222"}],"version-history":[{"count":1,"href":"https:\/\/www.saint-amand-noyal-chatillon.fr\/index.php\/wp-json\/wp\/v2\/pages\/222\/revisions"}],"predecessor-version":[{"id":223,"href":"https:\/\/www.saint-amand-noyal-chatillon.fr\/index.php\/wp-json\/wp\/v2\/pages\/222\/revisions\/223"}],"wp:attachment":[{"href":"https:\/\/www.saint-amand-noyal-chatillon.fr\/index.php\/wp-json\/wp\/v2\/media?parent=222"}],"curies":[{"name":"wp","href":"https:\/\/api.w.org\/{rel}","templated":true}]}}