{"id":215,"date":"2016-12-09T22:14:28","date_gmt":"2016-12-09T21:14:28","guid":{"rendered":"http:\/\/www.saint-amand-noyal-chatillon.fr\/?page_id=215"},"modified":"2019-03-16T09:23:12","modified_gmt":"2019-03-16T08:23:12","slug":"notre-ecole","status":"publish","type":"page","link":"https:\/\/www.saint-amand-noyal-chatillon.fr\/index.php\/notre-ecole\/","title":{"rendered":"Notre \u00e9cole"},"content":{"rendered":"<p>Depuis la rentr\u00e9e scolaire 2018-2019, nous avons la chance d&rsquo;ouvrir une huiti\u00e8me classe au sein de notre \u00e9tablissement. Il s&rsquo;agit d&rsquo;une classe de GS-CP.<\/p>\n<p>A la rentr\u00e9e de septembre 2018, l&rsquo;\u00e9cole comptabilisait 196 \u00e9l\u00e8ves inscrits.<\/p>\n<p>Si vous arrivez sur la commune de Noyal Ch\u00e2tillon sur seiche dans le courant de l&rsquo;ann\u00e9e scolaire 2018-2019 (d\u00e9m\u00e9nagement, mutation, construction d&rsquo;un logement, &#8230;), n&rsquo;h\u00e9sitez pas \u00e0 venir nous rejoindre.<\/p>\n<p>Pour cela, veuillez prendre contact avec nous.<\/p>\n<p><a href=\"https:\/\/www.saint-amand-noyal-chatillon.fr\/index.php\/nos-coordonnees\/\">https:\/\/www.saint-amand-noyal-chatillon.fr\/index.php\/nos-coordonnees\/<\/a><\/p>\n","protected":false},"excerpt":{"rendered":"<p>Depuis la rentr\u00e9e scolaire 2018-2019, nous avons la chance d&rsquo;ouvrir une huiti\u00e8me classe au sein de notre \u00e9tablissement. Il s&rsquo;agit d&rsquo;une classe de GS-CP. A la rentr\u00e9e de septembre 2018, l&rsquo;\u00e9cole comptabilisait 196 \u00e9l\u00e8ves inscrits. Si vous arrivez sur la &hellip; <a href=\"https:\/\/www.saint-amand-noyal-chatillon.fr\/index.php\/notre-ecole\/\">Continuer la lecture <span class=\"meta-nav\">&rarr;<\/span><\/a><\/p>\n","protected":false},"author":1,"featured_media":0,"parent":0,"menu_order":0,"comment_status":"closed","ping_status":"closed","template":"","meta":{"ngg_post_thumbnail":0,"footnotes":""},"class_list":["post-215","page","type-page","status-publish","hentry"],"_links":{"self":[{"href":"https:\/\/www.saint-amand-noyal-chatillon.fr\/index.php\/wp-json\/wp\/v2\/pages\/215","targetHints":{"allow":["GET"]}}],"collection":[{"href":"https:\/\/www.saint-amand-noyal-chatillon.fr\/index.php\/wp-json\/wp\/v2\/pages"}],"about":[{"href":"https:\/\/www.saint-amand-noyal-chatillon.fr\/index.php\/wp-json\/wp\/v2\/types\/page"}],"author":[{"embeddable":true,"href":"https:\/\/www.saint-amand-noyal-chatillon.fr\/index.php\/wp-json\/wp\/v2\/users\/1"}],"replies":[{"embeddable":true,"href":"https:\/\/www.saint-amand-noyal-chatillon.fr\/index.php\/wp-json\/wp\/v2\/comments?post=215"}],"version-history":[{"count":7,"href":"https:\/\/www.saint-amand-noyal-chatillon.fr\/index.php\/wp-json\/wp\/v2\/pages\/215\/revisions"}],"predecessor-version":[{"id":904,"href":"https:\/\/www.saint-amand-noyal-chatillon.fr\/index.php\/wp-json\/wp\/v2\/pages\/215\/revisions\/904"}],"wp:attachment":[{"href":"https:\/\/www.saint-amand-noyal-chatillon.fr\/index.php\/wp-json\/wp\/v2\/media?parent=215"}],"curies":[{"name":"wp","href":"https:\/\/api.w.org\/{rel}","templated":true}]}}