{"id":196,"date":"2016-12-04T23:21:58","date_gmt":"2016-12-04T22:21:58","guid":{"rendered":"http:\/\/www.saint-amand-noyal-chatillon.fr\/?page_id=196"},"modified":"2025-11-02T23:06:23","modified_gmt":"2025-11-02T22:06:23","slug":"vente-de-jus-de-pomme","status":"publish","type":"page","link":"https:\/\/www.saint-amand-noyal-chatillon.fr\/index.php\/vente-de-jus-de-pomme\/","title":{"rendered":"Jus de pommes"},"content":{"rendered":"<p style=\"text-align: center;\">L&rsquo;\u00e9quipe Cap Actions, avec l&rsquo;aide des parents, ramasse, presse, met en bouteille et vend du jus de pommes au profit de l&rsquo;\u00e9cole pour participer aux frais de l&rsquo;\u00e9cole (ascenseur, \u00e9quipement num\u00e9rique, mobilier &#8230;).<\/p>\n<p>&nbsp;<\/p>\n\n","protected":false},"excerpt":{"rendered":"<p>L&rsquo;\u00e9quipe Cap Actions, avec l&rsquo;aide des parents, ramasse, presse, met en bouteille et vend du jus de pommes au profit de l&rsquo;\u00e9cole pour participer aux frais de l&rsquo;\u00e9cole (ascenseur, \u00e9quipement num\u00e9rique, mobilier &#8230;). &nbsp;<\/p>\n","protected":false},"author":1,"featured_media":0,"parent":0,"menu_order":0,"comment_status":"closed","ping_status":"closed","template":"","meta":{"ngg_post_thumbnail":0,"footnotes":""},"class_list":["post-196","page","type-page","status-publish","hentry"],"_links":{"self":[{"href":"https:\/\/www.saint-amand-noyal-chatillon.fr\/index.php\/wp-json\/wp\/v2\/pages\/196","targetHints":{"allow":["GET"]}}],"collection":[{"href":"https:\/\/www.saint-amand-noyal-chatillon.fr\/index.php\/wp-json\/wp\/v2\/pages"}],"about":[{"href":"https:\/\/www.saint-amand-noyal-chatillon.fr\/index.php\/wp-json\/wp\/v2\/types\/page"}],"author":[{"embeddable":true,"href":"https:\/\/www.saint-amand-noyal-chatillon.fr\/index.php\/wp-json\/wp\/v2\/users\/1"}],"replies":[{"embeddable":true,"href":"https:\/\/www.saint-amand-noyal-chatillon.fr\/index.php\/wp-json\/wp\/v2\/comments?post=196"}],"version-history":[{"count":31,"href":"https:\/\/www.saint-amand-noyal-chatillon.fr\/index.php\/wp-json\/wp\/v2\/pages\/196\/revisions"}],"predecessor-version":[{"id":2410,"href":"https:\/\/www.saint-amand-noyal-chatillon.fr\/index.php\/wp-json\/wp\/v2\/pages\/196\/revisions\/2410"}],"wp:attachment":[{"href":"https:\/\/www.saint-amand-noyal-chatillon.fr\/index.php\/wp-json\/wp\/v2\/media?parent=196"}],"curies":[{"name":"wp","href":"https:\/\/api.w.org\/{rel}","templated":true}]}}