{"id":1950,"date":"2024-02-29T22:55:50","date_gmt":"2024-02-29T21:55:50","guid":{"rendered":"https:\/\/www.saint-amand-noyal-chatillon.fr\/?page_id=1950"},"modified":"2025-04-21T22:10:33","modified_gmt":"2025-04-21T20:10:33","slug":"partenaires","status":"publish","type":"page","link":"https:\/\/www.saint-amand-noyal-chatillon.fr\/index.php\/partenaires\/","title":{"rendered":"PARTENAIRES"},"content":{"rendered":"\n<p class=\"has-text-align-center\"><em>Un grand MERCI \u00e0 nos partenaires qui soutiennent l&rsquo;organisation de notre LOTO et notre soir\u00e9e musicale<\/em>:<\/p>\n\n\n\n<div class=\"wp-block-columns is-layout-flex wp-container-core-columns-is-layout-9d6595d7 wp-block-columns-is-layout-flex\">\n<div class=\"wp-block-column is-vertically-aligned-center is-layout-flow wp-block-column-is-layout-flow\"><div class=\"wp-block-image\">\n<figure class=\"aligncenter size-full\"><a href=\"https:\/\/centre-controle-technique.autosecurite.com\/bretagne\/ille-et-vilaine\/noyal-chatillon-sur-seiche\/2-rue-pierre-marzin\" target=\"_blank\" rel=\"noreferrer noopener\"><img loading=\"lazy\" decoding=\"async\" width=\"180\" height=\"38\" src=\"https:\/\/www.saint-amand-noyal-chatillon.fr\/wp-content\/uploads\/Logo-auto-securite_redimensionner.png\" alt=\"\" class=\"wp-image-1937\"\/><\/a><\/figure>\n<\/div><\/div>\n\n\n\n<div class=\"wp-block-column is-layout-flow wp-block-column-is-layout-flow\"><div class=\"wp-block-image\">\n<figure class=\"aligncenter size-full\"><a href=\"https:\/\/www.toilettage-chien-chat-rennes-dyloutoutou.com\/\" target=\"_blank\" rel=\"noreferrer noopener\"><img loading=\"lazy\" decoding=\"async\" width=\"130\" height=\"130\" src=\"https:\/\/www.saint-amand-noyal-chatillon.fr\/wp-content\/uploads\/logo-Dylou-Toutou_redimensionner.jpg\" alt=\"\" class=\"wp-image-1932\"\/><\/a><\/figure>\n<\/div><\/div>\n\n\n\n<div class=\"wp-block-column is-layout-flow wp-block-column-is-layout-flow\"><div class=\"wp-block-image\">\n<figure class=\"aligncenter size-full\"><a href=\"https:\/\/www.depannage-galivel.com\/\" target=\"_blank\" rel=\"noreferrer noopener\"><img loading=\"lazy\" decoding=\"async\" width=\"139\" height=\"130\" src=\"https:\/\/www.saint-amand-noyal-chatillon.fr\/wp-content\/uploads\/LOGO-GROUPE-GALIVEL-BLANC-_redimensionner.png\" alt=\"\" class=\"wp-image-1914\"\/><\/a><\/figure>\n<\/div><\/div>\n<\/div>\n\n\n\n<div class=\"wp-block-columns is-layout-flex wp-container-core-columns-is-layout-9d6595d7 wp-block-columns-is-layout-flex\">\n<div class=\"wp-block-column is-layout-flow wp-block-column-is-layout-flow\"><div class=\"wp-block-image\">\n<figure class=\"aligncenter size-full\"><a href=\"https:\/\/www.lavandiere-des-lices.fr\/\" target=\"_blank\" rel=\"noreferrer noopener\"><img loading=\"lazy\" decoding=\"async\" width=\"180\" height=\"129\" src=\"https:\/\/www.saint-amand-noyal-chatillon.fr\/wp-content\/uploads\/logo-lavandiere-lices_redimensionner.jpg\" alt=\"\" class=\"wp-image-1926\"\/><\/a><\/figure>\n<\/div><\/div>\n\n\n\n<div class=\"wp-block-column is-layout-flow wp-block-column-is-layout-flow\"><div class=\"wp-block-image\">\n<figure class=\"aligncenter size-full\"><a href=\"https:\/\/www.planity.com\/lile-disa-35230-saint-erblon\" target=\"_blank\" rel=\"noreferrer noopener\"><img loading=\"lazy\" decoding=\"async\" width=\"130\" height=\"132\" src=\"https:\/\/www.saint-amand-noyal-chatillon.fr\/wp-content\/uploads\/iledisa2_redimensionner.jpg\" alt=\"\" class=\"wp-image-2047\"\/><\/a><\/figure>\n<\/div><\/div>\n\n\n\n<div class=\"wp-block-column is-layout-flow wp-block-column-is-layout-flow\"><div class=\"wp-block-image\">\n<figure class=\"aligncenter size-full\"><a href=\"https:\/\/www.desphotosetdeshommes.com\/\" target=\"_blank\" rel=\"noreferrer noopener\"><img loading=\"lazy\" decoding=\"async\" width=\"167\" height=\"130\" src=\"https:\/\/www.saint-amand-noyal-chatillon.fr\/wp-content\/uploads\/Logo-Des-Photos-et-des-Hommes_redimensionner.jpg\" alt=\"\" class=\"wp-image-1930\"\/><\/a><\/figure>\n<\/div><\/div>\n<\/div>\n\n\n\n<div class=\"wp-block-columns is-layout-flex wp-container-core-columns-is-layout-9d6595d7 wp-block-columns-is-layout-flex\">\n<div class=\"wp-block-column is-layout-flow wp-block-column-is-layout-flow\"><div class=\"wp-block-image\">\n<figure class=\"aligncenter size-full\"><a href=\"https:\/\/www.magasins-u.com\/magasin\/superu-noyalchatillon.m31902\" target=\"_blank\" rel=\"noreferrer noopener\"><img loading=\"lazy\" decoding=\"async\" width=\"130\" height=\"57\" src=\"https:\/\/www.saint-amand-noyal-chatillon.fr\/wp-content\/uploads\/super-u_redimensionner.png\" alt=\"\" class=\"wp-image-2043\"\/><\/a><\/figure>\n<\/div><\/div>\n\n\n\n<div class=\"wp-block-column is-layout-flow wp-block-column-is-layout-flow\"><div class=\"wp-block-image\">\n<figure class=\"aligncenter size-full\"><a href=\"https:\/\/vern-sur-seiche.cineville.fr\/programmes\/vernsurseiche\" target=\"_blank\" rel=\"noreferrer noopener\"><img loading=\"lazy\" decoding=\"async\" width=\"130\" height=\"58\" src=\"https:\/\/www.saint-amand-noyal-chatillon.fr\/wp-content\/uploads\/cineville_redimensionner.png\" alt=\"\" class=\"wp-image-2048\"\/><\/a><\/figure>\n<\/div><\/div>\n\n\n\n<div class=\"wp-block-column is-layout-flow wp-block-column-is-layout-flow\"><div class=\"wp-block-image\">\n<figure class=\"aligncenter size-full\"><a href=\"https:\/\/www.pompiers-solidaires.org\/\" target=\"_blank\" rel=\"noreferrer noopener\"><img loading=\"lazy\" decoding=\"async\" width=\"180\" height=\"60\" src=\"https:\/\/www.saint-amand-noyal-chatillon.fr\/wp-content\/uploads\/logo-Pompiers-Solidaires_redimensionner.jpg\" alt=\"\" class=\"wp-image-1923\"\/><\/a><\/figure>\n<\/div><\/div>\n<\/div>\n\n\n\n<div class=\"wp-block-columns is-layout-flex wp-container-core-columns-is-layout-9d6595d7 wp-block-columns-is-layout-flex\">\n<div class=\"wp-block-column is-layout-flow wp-block-column-is-layout-flow\"><div class=\"wp-block-image\">\n<figure class=\"aligncenter size-full\"><a href=\"https:\/\/musiquepassion-nc.wixsite.com\/site\" target=\"_blank\" rel=\"noreferrer noopener\"><img loading=\"lazy\" decoding=\"async\" width=\"180\" height=\"120\" src=\"https:\/\/www.saint-amand-noyal-chatillon.fr\/wp-content\/uploads\/Musiquepassion_redimensionner.png\" alt=\"\" class=\"wp-image-1966\"\/><\/a><\/figure>\n<\/div><\/div>\n\n\n\n<div class=\"wp-block-column is-vertically-aligned-center is-layout-flow wp-block-column-is-layout-flow\"><div class=\"wp-block-image\">\n<figure class=\"aligncenter size-full\"><a href=\"http:\/\/tahitienfrance.free.fr\/associations\/assosculturelles\/vaima_ori.htm\" target=\"_blank\" rel=\"noreferrer noopener\"><img loading=\"lazy\" decoding=\"async\" width=\"130\" height=\"130\" src=\"https:\/\/www.saint-amand-noyal-chatillon.fr\/wp-content\/uploads\/IMG_0524_redimensionner.png\" alt=\"\" class=\"wp-image-2154\"\/><\/a><\/figure>\n<\/div><\/div>\n\n\n\n<div class=\"wp-block-column is-layout-flow wp-block-column-is-layout-flow\"><div class=\"wp-block-image\">\n<figure class=\"aligncenter size-full\"><a href=\"https:\/\/lafermedespresverts.fr\/\" target=\"_blank\" rel=\"noreferrer noopener\"><img loading=\"lazy\" decoding=\"async\" width=\"180\" height=\"124\" src=\"https:\/\/www.saint-amand-noyal-chatillon.fr\/wp-content\/uploads\/FDP_redimensionner.jpg\" alt=\"\" class=\"wp-image-1963\"\/><\/a><\/figure>\n<\/div><\/div>\n<\/div>\n\n\n\n<div class=\"wp-block-columns is-layout-flex wp-container-core-columns-is-layout-9d6595d7 wp-block-columns-is-layout-flex\">\n<div class=\"wp-block-column is-layout-flow wp-block-column-is-layout-flow\"><div class=\"wp-block-image\">\n<figure class=\"aligncenter size-full\"><a href=\"https:\/\/www.groupemerling.fr\/\" target=\"_blank\" rel=\"noreferrer noopener\"><img loading=\"lazy\" decoding=\"async\" width=\"180\" height=\"96\" src=\"https:\/\/www.saint-amand-noyal-chatillon.fr\/wp-content\/uploads\/Merling_redimensionner.png\" alt=\"\" class=\"wp-image-1946\"\/><\/a><\/figure>\n<\/div><\/div>\n\n\n\n<div class=\"wp-block-column is-vertically-aligned-center is-layout-flow wp-block-column-is-layout-flow\"><div class=\"wp-block-image\">\n<figure class=\"aligncenter size-full\"><a href=\"https:\/\/restaurants.subway.com\/fr\/france\/vern-sur-seiche\/1-rue-de-la-blanche-hermine\" target=\"_blank\" rel=\"noreferrer noopener\"><img loading=\"lazy\" decoding=\"async\" width=\"130\" height=\"46\" src=\"https:\/\/www.saint-amand-noyal-chatillon.fr\/wp-content\/uploads\/subway_redimensionner.png\" alt=\"\" class=\"wp-image-2051\"\/><\/a><\/figure>\n<\/div><\/div>\n\n\n\n<div class=\"wp-block-column is-layout-flow wp-block-column-is-layout-flow\"><div class=\"wp-block-image\">\n<figure class=\"aligncenter size-full\"><a href=\"https:\/\/mademoisellefayel.fr\/\" target=\"_blank\" rel=\"noreferrer noopener\"><img loading=\"lazy\" decoding=\"async\" width=\"180\" height=\"108\" src=\"https:\/\/www.saint-amand-noyal-chatillon.fr\/wp-content\/uploads\/MlleFAYEL_Logotype_MN_FN_RVB_redimensionner.png\" alt=\"\" class=\"wp-image-1928\"\/><\/a><\/figure>\n<\/div><\/div>\n<\/div>\n\n\n\n<div class=\"wp-block-columns is-layout-flex wp-container-core-columns-is-layout-9d6595d7 wp-block-columns-is-layout-flex\">\n<div class=\"wp-block-column is-layout-flow wp-block-column-is-layout-flow\"><div class=\"wp-block-image\">\n<figure class=\"aligncenter size-large\"><a href=\"https:\/\/www.facebook.com\/pempsofficiel\/\" target=\"_blank\" rel=\" noreferrer noopener\"><img loading=\"lazy\" decoding=\"async\" width=\"1024\" height=\"356\" src=\"https:\/\/www.saint-amand-noyal-chatillon.fr\/wp-content\/uploads\/Logo-Pemps_blanc-1024x356.png\" alt=\"\" class=\"wp-image-2320\" srcset=\"https:\/\/www.saint-amand-noyal-chatillon.fr\/wp-content\/uploads\/Logo-Pemps_blanc-1024x356.png 1024w, https:\/\/www.saint-amand-noyal-chatillon.fr\/wp-content\/uploads\/Logo-Pemps_blanc-300x104.png 300w, https:\/\/www.saint-amand-noyal-chatillon.fr\/wp-content\/uploads\/Logo-Pemps_blanc-768x267.png 768w, https:\/\/www.saint-amand-noyal-chatillon.fr\/wp-content\/uploads\/Logo-Pemps_blanc-1536x535.png 1536w, https:\/\/www.saint-amand-noyal-chatillon.fr\/wp-content\/uploads\/Logo-Pemps_blanc-2048x713.png 2048w\" sizes=\"auto, (max-width: 1024px) 100vw, 1024px\" \/><\/a><\/figure>\n<\/div><\/div>\n\n\n\n<div class=\"wp-block-column is-layout-flow wp-block-column-is-layout-flow\"><div class=\"wp-block-image\">\n<figure class=\"aligncenter size-full\"><a href=\"https:\/\/www.loxam.fr\/\" target=\"_blank\" rel=\"noreferrer noopener\"><img loading=\"lazy\" decoding=\"async\" width=\"180\" height=\"72\" src=\"https:\/\/www.saint-amand-noyal-chatillon.fr\/wp-content\/uploads\/logo-LOXAM_redimensionner.png\" alt=\"\" class=\"wp-image-1915\"\/><\/a><\/figure>\n<\/div><\/div>\n\n\n\n<div class=\"wp-block-column is-layout-flow wp-block-column-is-layout-flow\"><div class=\"wp-block-image\">\n<figure class=\"aligncenter size-large is-resized\"><a href=\"https:\/\/forceacademyrennes.com\/\" target=\"_blank\" rel=\" noreferrer noopener\"><img loading=\"lazy\" decoding=\"async\" width=\"779\" height=\"1024\" src=\"https:\/\/www.saint-amand-noyal-chatillon.fr\/wp-content\/uploads\/far35-logo-1-779x1024.png\" alt=\"\" class=\"wp-image-2318\" style=\"width:70px;height:auto\" srcset=\"https:\/\/www.saint-amand-noyal-chatillon.fr\/wp-content\/uploads\/far35-logo-1-779x1024.png 779w, https:\/\/www.saint-amand-noyal-chatillon.fr\/wp-content\/uploads\/far35-logo-1-228x300.png 228w, https:\/\/www.saint-amand-noyal-chatillon.fr\/wp-content\/uploads\/far35-logo-1-768x1010.png 768w, https:\/\/www.saint-amand-noyal-chatillon.fr\/wp-content\/uploads\/far35-logo-1.png 852w\" sizes=\"auto, (max-width: 779px) 100vw, 779px\" \/><\/a><\/figure>\n<\/div><\/div>\n<\/div>\n\n\n\n<p class=\"has-text-align-center\">ainsi que la mairie de Noyal Chatillon sur Seiche et son \u00e9quipe technique<\/p>\n\n\n<div class=\"wp-block-image\">\n<figure class=\"aligncenter\"><a href=\"https:\/\/www.ville-noyal-chatillon.fr\/\" target=\"_blank\" rel=\"noreferrer noopener\"><img loading=\"lazy\" decoding=\"async\" width=\"180\" height=\"97\" src=\"https:\/\/www.saint-amand-noyal-chatillon.fr\/wp-content\/uploads\/Logo-NCS_redimensionner.jpg\" alt=\"\" class=\"wp-image-1916\" title=\"https:\/\/www.ville-noyal-chatillon.fr\/\"\/><\/a><\/figure>\n<\/div>\n\n\n<p>Les informations seront diffus\u00e9es sur facebook, n&rsquo;h\u00e9sitez pas \u00e0 suivre la page des actualit\u00e9s de l&rsquo;\u00e9cole :<\/p>\n\n\n<div class=\"wp-block-image\">\n<figure class=\"aligncenter is-resized\"><a href=\"https:\/\/fr-fr.facebook.com\/Actualit%C3%A9s-de-l%C3%A9cole-Saint-Amand-151278951882512\/\" target=\"_blank\" rel=\"noreferrer noopener\"><img loading=\"lazy\" decoding=\"async\" width=\"150\" height=\"150\" src=\"https:\/\/www.saint-amand-noyal-chatillon.fr\/wp-content\/uploads\/FB-150x150.png\" alt=\"\" class=\"wp-image-1158\" style=\"width:78px;height:auto\" srcset=\"https:\/\/www.saint-amand-noyal-chatillon.fr\/wp-content\/uploads\/FB-150x150.png 150w, https:\/\/www.saint-amand-noyal-chatillon.fr\/wp-content\/uploads\/FB.png 225w\" sizes=\"auto, (max-width: 150px) 100vw, 150px\" \/><\/a><\/figure>\n<\/div>","protected":false},"excerpt":{"rendered":"<p>Un grand MERCI \u00e0 nos partenaires qui soutiennent l&rsquo;organisation de notre LOTO et notre soir\u00e9e musicale: ainsi que la mairie de Noyal Chatillon sur Seiche et son \u00e9quipe technique Les informations seront diffus\u00e9es sur facebook, n&rsquo;h\u00e9sitez pas \u00e0 suivre la &hellip; <a href=\"https:\/\/www.saint-amand-noyal-chatillon.fr\/index.php\/partenaires\/\">Continuer la lecture <span class=\"meta-nav\">&rarr;<\/span><\/a><\/p>\n","protected":false},"author":1,"featured_media":0,"parent":0,"menu_order":0,"comment_status":"closed","ping_status":"closed","template":"","meta":{"ngg_post_thumbnail":0,"footnotes":""},"class_list":["post-1950","page","type-page","status-publish","hentry"],"_links":{"self":[{"href":"https:\/\/www.saint-amand-noyal-chatillon.fr\/index.php\/wp-json\/wp\/v2\/pages\/1950","targetHints":{"allow":["GET"]}}],"collection":[{"href":"https:\/\/www.saint-amand-noyal-chatillon.fr\/index.php\/wp-json\/wp\/v2\/pages"}],"about":[{"href":"https:\/\/www.saint-amand-noyal-chatillon.fr\/index.php\/wp-json\/wp\/v2\/types\/page"}],"author":[{"embeddable":true,"href":"https:\/\/www.saint-amand-noyal-chatillon.fr\/index.php\/wp-json\/wp\/v2\/users\/1"}],"replies":[{"embeddable":true,"href":"https:\/\/www.saint-amand-noyal-chatillon.fr\/index.php\/wp-json\/wp\/v2\/comments?post=1950"}],"version-history":[{"count":48,"href":"https:\/\/www.saint-amand-noyal-chatillon.fr\/index.php\/wp-json\/wp\/v2\/pages\/1950\/revisions"}],"predecessor-version":[{"id":2323,"href":"https:\/\/www.saint-amand-noyal-chatillon.fr\/index.php\/wp-json\/wp\/v2\/pages\/1950\/revisions\/2323"}],"wp:attachment":[{"href":"https:\/\/www.saint-amand-noyal-chatillon.fr\/index.php\/wp-json\/wp\/v2\/media?parent=1950"}],"curies":[{"name":"wp","href":"https:\/\/api.w.org\/{rel}","templated":true}]}}