{"id":171,"date":"2016-11-21T23:08:01","date_gmt":"2016-11-21T22:08:01","guid":{"rendered":"http:\/\/www.saint-amand-noyal-chatillon.fr\/?page_id=171"},"modified":"2019-12-05T22:47:35","modified_gmt":"2019-12-05T21:47:35","slug":"nos-associations","status":"publish","type":"page","link":"https:\/\/www.saint-amand-noyal-chatillon.fr\/index.php\/nos-associations\/","title":{"rendered":"Nos associations"},"content":{"rendered":"<p>Deux associations regroupant essentiellement des parents d\u2019\u00e9l\u00e8ves b\u00e9n\u00e9voles vous accueilleront avec plaisir, et sans qui, des activit\u00e9s et actions ne seraient pas men\u00e9es.<\/p>\n<ul>\n<li><strong><a href=\"https:\/\/www.saint-amand-noyal-chatillon.fr\/index.php\/ogec\/\">L\u2019OGEC<\/a>(<\/strong><strong>O<\/strong>rganisme de <strong>G<\/strong>estion de l\u2019<strong>E<\/strong>nseignement <strong>C<\/strong>atholique):<\/li>\n<\/ul>\n<blockquote><p>assure la vie mat\u00e9rielle et financi\u00e8re de l\u2019\u00e9tablissement, entretient les b\u00e2timents et pr\u00e9voit les constructions, emploie les personnels administratifs et de service\u2026<\/p><\/blockquote>\n<ul>\n<li><strong><a href=\"https:\/\/www.saint-amand-noyal-chatillon.fr\/index.php\/apel\/\">L\u2019APEL <\/a>(A<\/strong>ssociation des <strong>P<\/strong>arents de l\u2019<strong>E<\/strong>cole <strong>L<\/strong>ibre):<\/li>\n<\/ul>\n<blockquote><p>souhaite \u00eatre \u00e0 l\u2019\u00e9coute et assurer le lien parents\/\u00e9cole, accueillir les nouvelles familles et tous les parents, soutenir les projets p\u00e9dagogiques initi\u00e9s par l\u2019\u00e9quipe enseignante, rendre l\u2019\u00e9cole ouverte, vivante, accueillante et dynamique.<\/p><\/blockquote>\n<p>Leur objectif:<\/p>\n<blockquote><p>oeuvrer pour nos enfants!<\/p><\/blockquote>\n","protected":false},"excerpt":{"rendered":"<p>Deux associations regroupant essentiellement des parents d\u2019\u00e9l\u00e8ves b\u00e9n\u00e9voles vous accueilleront avec plaisir, et sans qui, des activit\u00e9s et actions ne seraient pas men\u00e9es. L\u2019OGEC(Organisme de Gestion de l\u2019Enseignement Catholique): assure la vie mat\u00e9rielle et financi\u00e8re de l\u2019\u00e9tablissement, entretient les b\u00e2timents &hellip; <a href=\"https:\/\/www.saint-amand-noyal-chatillon.fr\/index.php\/nos-associations\/\">Continuer la lecture <span class=\"meta-nav\">&rarr;<\/span><\/a><\/p>\n","protected":false},"author":1,"featured_media":0,"parent":0,"menu_order":0,"comment_status":"closed","ping_status":"closed","template":"","meta":{"ngg_post_thumbnail":0,"footnotes":""},"class_list":["post-171","page","type-page","status-publish","hentry"],"_links":{"self":[{"href":"https:\/\/www.saint-amand-noyal-chatillon.fr\/index.php\/wp-json\/wp\/v2\/pages\/171","targetHints":{"allow":["GET"]}}],"collection":[{"href":"https:\/\/www.saint-amand-noyal-chatillon.fr\/index.php\/wp-json\/wp\/v2\/pages"}],"about":[{"href":"https:\/\/www.saint-amand-noyal-chatillon.fr\/index.php\/wp-json\/wp\/v2\/types\/page"}],"author":[{"embeddable":true,"href":"https:\/\/www.saint-amand-noyal-chatillon.fr\/index.php\/wp-json\/wp\/v2\/users\/1"}],"replies":[{"embeddable":true,"href":"https:\/\/www.saint-amand-noyal-chatillon.fr\/index.php\/wp-json\/wp\/v2\/comments?post=171"}],"version-history":[{"count":4,"href":"https:\/\/www.saint-amand-noyal-chatillon.fr\/index.php\/wp-json\/wp\/v2\/pages\/171\/revisions"}],"predecessor-version":[{"id":1046,"href":"https:\/\/www.saint-amand-noyal-chatillon.fr\/index.php\/wp-json\/wp\/v2\/pages\/171\/revisions\/1046"}],"wp:attachment":[{"href":"https:\/\/www.saint-amand-noyal-chatillon.fr\/index.php\/wp-json\/wp\/v2\/media?parent=171"}],"curies":[{"name":"wp","href":"https:\/\/api.w.org\/{rel}","templated":true}]}}