{"id":160,"date":"2016-11-21T22:41:48","date_gmt":"2016-11-21T21:41:48","guid":{"rendered":"http:\/\/www.saint-amand-noyal-chatillon.fr\/?page_id=160"},"modified":"2025-10-10T22:36:00","modified_gmt":"2025-10-10T20:36:00","slug":"calendrier-de-lecole","status":"publish","type":"page","link":"https:\/\/www.saint-amand-noyal-chatillon.fr\/index.php\/calendrier-de-lecole\/","title":{"rendered":"Calendrier de l&rsquo;\u00e9cole"},"content":{"rendered":"\n<h2 class=\"wp-block-heading has-text-align-center\"><strong>Ann\u00e9e 2025-2026 &#8211; Dates \u00e0 retenir P\u00e9riode 1<\/strong><\/h2>\n\n\n\n<p><a href=\"https:\/\/www.saint-amand-noyal-chatillon.fr\/wp-content\/uploads\/InformationPriode1.pdf\">InformationPriode1<\/a><\/p>\n<p><a href=\"https:\/\/www.saint-amand-noyal-chatillon.fr\/wp-content\/uploads\/DatesretenirEcoleStAMAND2526.pdf\">DatesretenirEcoleStAMAND2526<\/a><\/p>\n\n\n\n<p>&nbsp;<\/p>\n<p>&nbsp;<\/p>\n","protected":false},"excerpt":{"rendered":"<p>Ann\u00e9e 2025-2026 &#8211; Dates \u00e0 retenir P\u00e9riode 1 InformationPriode1 DatesretenirEcoleStAMAND2526 &nbsp; &nbsp;<\/p>\n","protected":false},"author":1,"featured_media":0,"parent":0,"menu_order":0,"comment_status":"closed","ping_status":"closed","template":"","meta":{"ngg_post_thumbnail":0,"footnotes":""},"class_list":["post-160","page","type-page","status-publish","hentry"],"_links":{"self":[{"href":"https:\/\/www.saint-amand-noyal-chatillon.fr\/index.php\/wp-json\/wp\/v2\/pages\/160","targetHints":{"allow":["GET"]}}],"collection":[{"href":"https:\/\/www.saint-amand-noyal-chatillon.fr\/index.php\/wp-json\/wp\/v2\/pages"}],"about":[{"href":"https:\/\/www.saint-amand-noyal-chatillon.fr\/index.php\/wp-json\/wp\/v2\/types\/page"}],"author":[{"embeddable":true,"href":"https:\/\/www.saint-amand-noyal-chatillon.fr\/index.php\/wp-json\/wp\/v2\/users\/1"}],"replies":[{"embeddable":true,"href":"https:\/\/www.saint-amand-noyal-chatillon.fr\/index.php\/wp-json\/wp\/v2\/comments?post=160"}],"version-history":[{"count":22,"href":"https:\/\/www.saint-amand-noyal-chatillon.fr\/index.php\/wp-json\/wp\/v2\/pages\/160\/revisions"}],"predecessor-version":[{"id":2396,"href":"https:\/\/www.saint-amand-noyal-chatillon.fr\/index.php\/wp-json\/wp\/v2\/pages\/160\/revisions\/2396"}],"wp:attachment":[{"href":"https:\/\/www.saint-amand-noyal-chatillon.fr\/index.php\/wp-json\/wp\/v2\/media?parent=160"}],"curies":[{"name":"wp","href":"https:\/\/api.w.org\/{rel}","templated":true}]}}