{"id":1286,"date":"2020-04-21T14:53:21","date_gmt":"2020-04-21T12:53:21","guid":{"rendered":"http:\/\/www.saint-amand-noyal-chatillon.fr\/?page_id=1286"},"modified":"2024-10-30T20:55:20","modified_gmt":"2024-10-30T19:55:20","slug":"actualite","status":"publish","type":"page","link":"https:\/\/www.saint-amand-noyal-chatillon.fr\/index.php\/actualite\/","title":{"rendered":"On parle de nous"},"content":{"rendered":"\n<ul>\n<li><strong>Ouest-France, le 03\/09\/2022: rentr\u00e9e en musique \u00e0 l&rsquo;\u00e9cole Saint Amand :<\/strong> <a href=\"https:\/\/rennes.maville.com\/actu\/actudet_-noyal-chatillon-sur-seiche.-rentree-en-musique-a-l-ecole-saint-amand-_7-5392365_actu.Htm\">https:\/\/rennes.maville.com\/actu\/actudet_-noyal-chatillon-sur-seiche.-rentree-en-musique-a-l-ecole-saint-amand-_7-5392365_actu.Htm<\/a><\/li>\n<\/ul>\n<p><img loading=\"lazy\" decoding=\"async\" class=\"size-medium wp-image-2248 aligncenter\" src=\"https:\/\/www.saint-amand-noyal-chatillon.fr\/wp-content\/uploads\/1000032502-300x187.jpg\" alt=\"\" width=\"300\" height=\"187\" srcset=\"https:\/\/www.saint-amand-noyal-chatillon.fr\/wp-content\/uploads\/1000032502-300x187.jpg 300w, https:\/\/www.saint-amand-noyal-chatillon.fr\/wp-content\/uploads\/1000032502-768x479.jpg 768w, https:\/\/www.saint-amand-noyal-chatillon.fr\/wp-content\/uploads\/1000032502.jpg 1024w\" sizes=\"auto, (max-width: 300px) 100vw, 300px\" \/><\/p>\n<ul>\n<li><span style=\"color: #000000;\"><strong>Ouest-France, le 21\/0<\/strong><\/span><span style=\"color: #0000ff;\"><span style=\"color: #000000;\"><strong>4\/2020: Les \u00e9l\u00e8ves dessinent pour les urgences et le Samu<\/strong> :<\/span> <a style=\"color: #0000ff;\" href=\"https:\/\/www.ouest-france.fr\/bretagne\/noyal-chatillon-sur-seiche-35230\/noyal-chatillon-sur-seiche-les-eleves-dessinent-pour-les-urgences-et-le-samu-6813539\" target=\"_blank\" rel=\"noreferrer noopener\">https:\/\/www.ouest-france.fr\/bretagne\/noyal-chatillon-sur-seiche-35230\/noyal-chatillon-sur-seiche-les-eleves-dessinent-pour-les-urgences-et-le-samu-6813539<\/a><\/span><\/li>\n<\/ul>\n<p><img loading=\"lazy\" decoding=\"async\" class=\" wp-image-1464 aligncenter\" src=\"https:\/\/www.saint-amand-noyal-chatillon.fr\/wp-content\/uploads\/MjAyMDA0YWJhYzgyYTc4YTU3NzExMmYwMzMwNDM5OTk5YWQ3ZmU-300x158.jpg\" alt=\"\" width=\"477\" height=\"251\" srcset=\"https:\/\/www.saint-amand-noyal-chatillon.fr\/wp-content\/uploads\/MjAyMDA0YWJhYzgyYTc4YTU3NzExMmYwMzMwNDM5OTk5YWQ3ZmU-300x158.jpg 300w, https:\/\/www.saint-amand-noyal-chatillon.fr\/wp-content\/uploads\/MjAyMDA0YWJhYzgyYTc4YTU3NzExMmYwMzMwNDM5OTk5YWQ3ZmU.jpg 630w\" sizes=\"auto, (max-width: 477px) 100vw, 477px\" \/><\/p>\n<ul style=\"list-style-type: square;\">\n<li style=\"list-style-type: none;\">\n<ul style=\"list-style-type: square;\">\n<li><span style=\"color: #000000;\"><strong>Ouest-France, le 21\/03\/2017: A 116 ans, coup de jeune pour l&rsquo;Ecole Saint Amand:&nbsp;<\/strong><span style=\"color: #0000ff;\"><a style=\"color: #0000ff;\" href=\"https:\/\/www.ouest-france.fr\/bretagne\/noyal-chatillon-sur-seiche-35230\/116-ans-coup-de-jeune-pour-l-ecole-saint-amand-noyal-chatillon-4873678\">https:\/\/www.ouest-france.fr\/bretagne\/noyal-chatillon-sur-seiche-35230\/116-ans-coup-de-jeune-pour-l-ecole-saint-amand-noyal-chatillon-4873678<\/a><\/span><\/span><\/li>\n<\/ul>\n<\/li>\n<\/ul>\n<p><img loading=\"lazy\" decoding=\"async\" class=\"wp-image-1470 aligncenter\" src=\"https:\/\/www.saint-amand-noyal-chatillon.fr\/wp-content\/uploads\/MjAxNzAzNWE5MTE3Mjc0ZTBhYjg5ZDEzNjM0N2U5NjcyMjEzZDA-300x200.jpg\" alt=\"\" width=\"443\" height=\"295\" srcset=\"https:\/\/www.saint-amand-noyal-chatillon.fr\/wp-content\/uploads\/MjAxNzAzNWE5MTE3Mjc0ZTBhYjg5ZDEzNjM0N2U5NjcyMjEzZDA-300x200.jpg 300w, https:\/\/www.saint-amand-noyal-chatillon.fr\/wp-content\/uploads\/MjAxNzAzNWE5MTE3Mjc0ZTBhYjg5ZDEzNjM0N2U5NjcyMjEzZDA.jpg 630w\" sizes=\"auto, (max-width: 443px) 100vw, 443px\" \/><\/p>\n","protected":false},"excerpt":{"rendered":"<p>Ouest-France, le 03\/09\/2022: rentr\u00e9e en musique \u00e0 l&rsquo;\u00e9cole Saint Amand : https:\/\/rennes.maville.com\/actu\/actudet_-noyal-chatillon-sur-seiche.-rentree-en-musique-a-l-ecole-saint-amand-_7-5392365_actu.Htm Ouest-France, le 21\/04\/2020: Les \u00e9l\u00e8ves dessinent pour les urgences et le Samu : https:\/\/www.ouest-france.fr\/bretagne\/noyal-chatillon-sur-seiche-35230\/noyal-chatillon-sur-seiche-les-eleves-dessinent-pour-les-urgences-et-le-samu-6813539 Ouest-France, le 21\/03\/2017: A 116 ans, coup de jeune pour l&rsquo;Ecole Saint Amand:&nbsp;https:\/\/www.ouest-france.fr\/bretagne\/noyal-chatillon-sur-seiche-35230\/116-ans-coup-de-jeune-pour-l-ecole-saint-amand-noyal-chatillon-4873678<\/p>\n","protected":false},"author":1,"featured_media":0,"parent":0,"menu_order":0,"comment_status":"closed","ping_status":"closed","template":"","meta":{"ngg_post_thumbnail":0,"footnotes":""},"class_list":["post-1286","page","type-page","status-publish","hentry"],"_links":{"self":[{"href":"https:\/\/www.saint-amand-noyal-chatillon.fr\/index.php\/wp-json\/wp\/v2\/pages\/1286","targetHints":{"allow":["GET"]}}],"collection":[{"href":"https:\/\/www.saint-amand-noyal-chatillon.fr\/index.php\/wp-json\/wp\/v2\/pages"}],"about":[{"href":"https:\/\/www.saint-amand-noyal-chatillon.fr\/index.php\/wp-json\/wp\/v2\/types\/page"}],"author":[{"embeddable":true,"href":"https:\/\/www.saint-amand-noyal-chatillon.fr\/index.php\/wp-json\/wp\/v2\/users\/1"}],"replies":[{"embeddable":true,"href":"https:\/\/www.saint-amand-noyal-chatillon.fr\/index.php\/wp-json\/wp\/v2\/comments?post=1286"}],"version-history":[{"count":13,"href":"https:\/\/www.saint-amand-noyal-chatillon.fr\/index.php\/wp-json\/wp\/v2\/pages\/1286\/revisions"}],"predecessor-version":[{"id":2251,"href":"https:\/\/www.saint-amand-noyal-chatillon.fr\/index.php\/wp-json\/wp\/v2\/pages\/1286\/revisions\/2251"}],"wp:attachment":[{"href":"https:\/\/www.saint-amand-noyal-chatillon.fr\/index.php\/wp-json\/wp\/v2\/media?parent=1286"}],"curies":[{"name":"wp","href":"https:\/\/api.w.org\/{rel}","templated":true}]}}